{"id":56,"date":"2020-11-22T18:26:46","date_gmt":"2020-11-22T18:26:46","guid":{"rendered":"http:\/\/barokutyakozmetika.hu\/?page_id=56"},"modified":"2025-01-27T17:10:57","modified_gmt":"2025-01-27T17:10:57","slug":"araim","status":"publish","type":"page","link":"https:\/\/barokutyakozmetika.hu\/index.php\/araim\/","title":{"rendered":"\u00c1raim"},"content":{"rendered":"\n<p>Az \u00e1rak 2025.&nbsp;febru\u00e1r&nbsp;1-t\u0151l \u00e9rv\u00e9nyesek.<\/p>\n\n\n\n<p>R\u00f6vid sz\u0151r\u0171 kuty\u00e1k (f\u00fcrdet\u00e9s + karom v\u00e1g\u00e1s + f\u00fcltiszt\u00edt\u00e1s)<\/p>\n\n\n\n<figure class=\"wp-block-table is-style-stripes\"><table><tbody><tr><td>Csivava<\/td><td>6 500 Ft-t\u00f3l<\/td><\/tr><tr><td>Francia bulldog<\/td><td>7 500 Ft-t\u00f3l<\/td><\/tr><tr><td>Mopsz<\/td><td>7 500 Ft-t\u00f3l<\/td><\/tr><tr><td>Magyar vizsla<\/td><td>9 000 Ft-t\u00f3l<\/td><\/tr><tr><td>Boxer<\/td><td>9 000 Ft-t\u00f3l<\/td><\/tr><\/tbody><\/table><\/figure>\n\n\n\n<p>Hossz\u00fa \/ f\u00e9lhossz\u00fa sz\u0151r\u0171 kuty\u00e1k (az \u00e1rak teljes kozmetik\u00e1ra vonatkoznak)<\/p>\n\n\n\n<figure class=\"wp-block-table is-style-stripes\"><table><tbody><tr><td><\/td><td class=\"has-text-align-center\" data-align=\"center\">Teljes kozmetika g\u00e9pi (r\u00f6vid) ny\u00edr\u00e1ssal<\/td><td class=\"has-text-align-center\" data-align=\"center\">Teljes kozmetika f\u00e9s\u00fcl\u00f3s fajt\u00e1k, trimmel\u00e9s, oll\u00f3z\u00e1s, g\u00e9pi ny\u00edr\u00e1s magas\u00edt\u00f3 haszn\u00e1lattal<\/td><\/tr><tr><td>Csivava<\/td><td class=\"has-text-align-center\" data-align=\"center\">&#8211; <\/td><td class=\"has-text-align-center\" data-align=\"center\">7 000 Ft-t\u00f3l<\/td><\/tr><tr><td>Yorki<\/td><td class=\"has-text-align-center\" data-align=\"center\">9 000 Ft-t\u00f3l<\/td><td class=\"has-text-align-center\" data-align=\"center\">&#8211;<\/td><\/tr><tr><td>Bichon<\/td><td class=\"has-text-align-center\" data-align=\"center\">9 500 Ft-t\u00f3l<\/td><td class=\"has-text-align-center\" data-align=\"center\">11 000 Ft-t\u00f3l<\/td><\/tr><tr><td>M\u00e1ltai<\/td><td class=\"has-text-align-center\" data-align=\"center\">9 500 Ft-t\u00f3l<\/td><td class=\"has-text-align-center\" data-align=\"center\">11 000 Ft-t\u00f3l<\/td><\/tr><tr><td>Shih &#8211; tzu<\/td><td class=\"has-text-align-center\" data-align=\"center\">9 500 Ft-t\u00f3l<\/td><td class=\"has-text-align-center\" data-align=\"center\">11 000 Ft-t\u00f3l<\/td><\/tr><tr><td>Pekingi palotakutya<\/td><td class=\"has-text-align-center\" data-align=\"center\">9 500 Ft-t\u00f3l<\/td><td class=\"has-text-align-center\" data-align=\"center\">11 000 Ft-t\u00f3l<\/td><\/tr><tr><td>Schnauzerek<\/td><td class=\"has-text-align-center\" data-align=\"center\"><\/td><td class=\"has-text-align-center\" data-align=\"center\"><\/td><\/tr><tr><td> &#8211; t\u00f6rpe<\/td><td class=\"has-text-align-center\" data-align=\"center\">10 000 Ft-t\u00f3l<\/td><td class=\"has-text-align-center\" data-align=\"center\">15 000 Ft-t\u00f3l<\/td><\/tr><tr><td> &#8211; k\u00f6z\u00e9p<\/td><td class=\"has-text-align-center\" data-align=\"center\">13 000 Ft-t\u00f3l<\/td><td class=\"has-text-align-center\" data-align=\"center\">18 000 Ft-t\u00f3l<\/td><\/tr><tr><td> &#8211; \u00f3ri\u00e1s<\/td><td class=\"has-text-align-center\" data-align=\"center\">18 000 Ft-t\u00f3l<\/td><td class=\"has-text-align-center\" data-align=\"center\">28 000 Ft-t\u00f3l<\/td><\/tr><tr><td>Westie<\/td><td class=\"has-text-align-center\" data-align=\"center\">10 000 Ft-t\u00f3l<\/td><td class=\"has-text-align-center\" data-align=\"center\">15 000 Ft-t\u00f3l<\/td><\/tr><tr><td>Uszk\u00e1rok<\/td><td class=\"has-text-align-center\" data-align=\"center\"><\/td><td class=\"has-text-align-center\" data-align=\"center\"><\/td><\/tr><tr><td> &#8211; toy, t\u00f6rpe <\/td><td class=\"has-text-align-center\" data-align=\"center\">10 500 Ft-t\u00f3l<\/td><td class=\"has-text-align-center\" data-align=\"center\">13 000 Ft-t\u00f3l<\/td><\/tr><tr><td> &#8211; k\u00f6z\u00e9p<\/td><td class=\"has-text-align-center\" data-align=\"center\">13 000 Ft-t\u00f3l<\/td><td class=\"has-text-align-center\" data-align=\"center\">15 000 Ft-t\u00f3l<\/td><\/tr><tr><td>Tacsk\u00f3<\/td><td class=\"has-text-align-center\" data-align=\"center\">9 500 Ft-t\u00f3l<\/td><td class=\"has-text-align-center\" data-align=\"center\">14 500 Ft-t\u00f3l<\/td><\/tr><tr><td>Spitzek<\/td><td class=\"has-text-align-center\" data-align=\"center\"><\/td><td class=\"has-text-align-center\" data-align=\"center\"><\/td><\/tr><tr><td> &#8211; pomer\u00e1niai<\/td><td class=\"has-text-align-center\" data-align=\"center\">&#8211;<\/td><td class=\"has-text-align-center\" data-align=\"center\">10 000 Ft-t\u00f3l<\/td><\/tr><tr><td> &#8211; kis<\/td><td class=\"has-text-align-center\" data-align=\"center\">&#8211;<\/td><td class=\"has-text-align-center\" data-align=\"center\">11 000 Ft-t\u00f3l<\/td><\/tr><tr><td> &#8211; k\u00f6z\u00e9p (n\u00e9met)<\/td><td class=\"has-text-align-center\" data-align=\"center\">&#8211;<\/td><td class=\"has-text-align-center\" data-align=\"center\">13 000 Ft-t\u00f3l<\/td><\/tr><tr><td>N\u00e9met juh\u00e1szkutya<\/td><td class=\"has-text-align-center\" data-align=\"center\">&#8211;<\/td><td class=\"has-text-align-center\" data-align=\"center\">14 000 Ft-t\u00f3l<\/td><\/tr><tr><td>Border collie<\/td><td class=\"has-text-align-center\" data-align=\"center\">&#8211;<\/td><td class=\"has-text-align-center\" data-align=\"center\">14 000 Ft-t\u00f3l<\/td><\/tr><tr><td>Golden retriever<\/td><td class=\"has-text-align-center\" data-align=\"center\">&#8211;<\/td><td class=\"has-text-align-center\" data-align=\"center\">14 000 Ft-t\u00f3l<\/td><\/tr><tr><td>Berni p\u00e1sztor<\/td><td class=\"has-text-align-center\" data-align=\"center\">&#8211;<\/td><td class=\"has-text-align-center\" data-align=\"center\">18 000 Ft-t\u00f3l<\/td><\/tr><tr><td>\u00fajfundlandi<\/td><td class=\"has-text-align-center\" data-align=\"center\">&#8211;<\/td><td class=\"has-text-align-center\" data-align=\"center\">28 000 Ft-t\u00f3l<\/td><\/tr><\/tbody><\/table><\/figure>\n\n\n\n<p><\/p>\n\n\n\n<figure class=\"wp-block-table is-style-stripes\"><table><tbody><tr><td>Eg\u00e9szs\u00e9g\u00fcgyi ny\u00edr\u00e1s<\/td><td>4 000 Ft-t\u00f3l<\/td><\/tr><tr><td>Karom v\u00e1g\u00e1s<\/td><td>2 000 Ft-t\u00f3l<\/td><\/tr><tr><td>F\u00fcltiszt\u00edt\u00e1s<\/td><td>2 000 Ft-t\u00f3l<\/td><\/tr><tr><td>B\u0171zmirigy kezel\u00e9s<\/td><td>3 000 Ft-t\u00f3l<\/td><\/tr><tr><td>Bolh\u00e1s kutya eset\u00e9n fel\u00e1r<\/td><td>3 000 Ft-t\u00f3l<\/td><\/tr><tr><td>Bont\u00e1s<\/td><td>5 000 Ft-t\u00f3l \/ megkezdett f\u00e9l\u00f3ra<\/td><\/tr><\/tbody><\/table><\/figure>\n\n\n\n<p>\u00c1raim t\u00e1j\u00e9koztat\u00f3 jelleg\u0171ek, 4-6 hetente rendszeresen \u00e1ltalam kozmetik\u00e1zott kutyusokra vonatkoznak! Harap\u00f3s, agressz\u00edv \u00e9s elhanyagolt kuty\u00e1kn\u00e1l fel\u00e1rat sz\u00e1molok fel. A list\u00e1ban fel nem sorolt fajt\u00e1k \u00e9s a kever\u00e9k kutyusok a m\u00e9retben, s\u00falyban \u00e9s sz\u0151rt\u00edpusban legink\u00e1bb hozz\u00e1 hasonl\u00edt\u00f3 fajta \u00e1r\u00e1ban \u00e9rtend\u0151.<\/p>\n\n\n\n<p>Csak f\u00fcrd\u00e9s sz\u00e1r\u00edt\u00e1s (bont\u00e1s n\u00e9lk\u00fcl nem vedl\u00e9sben l\u00e9v\u0151 kuty\u00e1n\u00e1l) a g\u00e9pi ny\u00edr\u00e1sos teljes kozmetika fajta szerinti alap\u00e1r\u00e1nak 70 %-a.<\/p>\n\n\n\n<p><strong>F\u00fclek \u00e1pol\u00e1sa<\/strong><\/p>\n\n\n\n<p>Bizonyos fajt\u00e1kn\u00e1l fontos k\u00fcl\u00f6n figyelni a f\u00fclekben n\u00f6v\u0151 sz\u0151r elt\u00e1vol\u00edt\u00e1s\u00e1ra, mert k\u00f6nnyen gyullad\u00e1st okozhat.<\/p>\n\n\n\n<p><strong>Talpak<\/strong><\/p>\n\n\n\n<p>A talpp\u00e1rn\u00e1k k\u00f6z\u00f6tti sz\u0151rt rendszeresen ki kell v\u00e1gni, hiszen a h\u00f3t\u00f3l, a tokl\u00e1szig, b\u00e1rmi beleragadhat, s k\u00f6nnyen az \u00e1llatorvosn\u00e1l tal\u00e1ljuk magunkat\u2026<\/p>\n\n\n\n<p><strong>Karmok<\/strong><\/p>\n\n\n\n<p>Ha a karmok nem kopnak el\u00e9gg\u00e9, k\u00f6nnyen begyulladhatnak, bet\u00f6rhetnek. Ilyenkor a kutya a karmain j\u00e1r \u00e9s ez igen f\u00e1jdalmas neki. A karomv\u00e1g\u00e1st ink\u00e1bb b\u00edzzuk a kutyakozmetikusra, vagy az \u00e1llatorvosra, a karomban fut\u00f3 idegv\u00e9gz\u0151d\u00e9s miatt.<\/p>\n\n\n\n<p><strong>Szemek <\/strong><\/p>\n\n\n\n<p>Fontos a szemek el\u0151l a sz\u0151rt rendszeresen elt\u00e1vol\u00edtani, mert a t\u00fal hossz\u00fa sz\u0151r irrit\u00e1lja a kutya szemeit.<\/p>\n\n\n\n<p><strong>Szab\u00e1lyzat<\/strong><\/p>\n\n\n\n<p>Kozmetik\u00e1mban csak oltott, nem t\u00fczel\u0151 kuty\u00e1k kozmetik\u00e1z\u00e1s\u00e1t v\u00e1llalom.<\/p>\n\n\n\n<p>Ha a kis\u00e1llatnak fert\u0151z\u0151 b\u0151r-, vagy sz\u0151rbetegs\u00e9ge van, k\u00e9rem el\u0151re jelezni, hogy maradjon id\u0151 az extra fert\u0151tlen\u00edt\u00e9sre.<\/p>\n\n\n\n<p>Kozmetik\u00e1mban id\u0151pont egyeztet\u00e9s alapj\u00e1n fogadok minden kedves \u00fcgyfelet, ez\u00e9rt 15 perc k\u00e9s\u00e9s ut\u00e1n nem tudom fogadni a kis\u00e1llatot, az eg\u00e9sz napos cs\u00fasz\u00e1s elker\u00fcl\u00e9se \u00e9rdek\u00e9ben.<\/p>\n\n\n\n<p>Amennyiben az el\u0151re egyeztetett id\u0151pont nem megfelel\u0151, k\u00e9rem, legal\u00e1bb 8 \u00f3r\u00e1val el\u0151re jelezz\u00e9k, ellenkez\u0151 esetben 5000 Ft fel\u00e1rat sz\u00e1molok fel a k\u00f6vetkez\u0151 kozmetika alkalm\u00e1val.<\/p>\n\n\n\n<p>Amennyiben egy\u00e1ltal\u00e1n nem mondj\u00e1k le az id\u0151pontot, nem lesz k\u00f6vetkez\u0151 alkalom!<\/p>\n\n\n\n<p>F\u00fcrdetni csak csom\u00f3mentes, kif\u00e9s\u00fclt kuty\u00e1t \u00e1ll m\u00f3domban, az \u00e1llat eg\u00e9szs\u00e9ge \u00e9rdek\u00e9ben, \u00edgy az elhanyagolt, raszt\u00e1sodott kutyusok &#8220;csak f\u00fcrdet\u00e9s\u00e9nek opci\u00f3j\u00e1t&#8221; elutas\u00edtom.<\/p>\n\n\n\n<p>Az otthoni \u00e1pol\u00e1st, f\u00e9s\u00fcl\u00e9st nem tudja kiv\u00e1ltani a p\u00e1rhavonta egyszeri kozmetik\u00e1z\u00e1s, \u00edgy a s\u00falyosan elhanyagolt kutyusokn\u00e1l fel\u00e1rat sz\u00e1m\u00edtok fel.<\/p>\n\n\n\n<p>Sokak k\u00e9rd\u00e9s\u00e9re: egy alkalom \u00e1tlag ideje f\u00e9l-m\u00e1sf\u00e9l \u00f3ra (igen, a 4-6 \u00f3r\u00e1s &#8220;csak f\u00e9s\u00fcl\u00e9s&#8221; bont\u00e1snak sz\u00e1m\u00edt).<\/p>\n\n\n\n<p>F\u00fcrdet\u00e9s n\u00e9lk\u00fcl a munk\u00e1m min\u0151s\u00e9ge \u00e9rdek\u00e9ben csak ny\u00edr\u00e1st nem v\u00e1llalok.<\/p>\n\n\n\n<p><strong>B\u00e9rletek<\/strong><\/p>\n\n\n\n<p>Kedvezm\u00e9nyt a b\u00e9rletet v\u00e1s\u00e1rl\u00f3knak tudok biztos\u00edtani. A b\u00e9rletek a gazdi \u00e1ltal v\u00e1lasztott id\u0151pontt\u00f3l \u00e9rv\u00e9nyesek \u00e9s 1 \u00e9vig felhaszn\u00e1lhat\u00f3ak.<\/p>\n\n\n\n<p>6 alkalmas b\u00e9rlet eset\u00e9n 5 alkalom, 10 alkalmas b\u00e9rlet eset\u00e9n 8 alkalom fizetend\u0151.<\/p>\n\n\n\n<p>(Egy b\u00e9rletet egy kutyus tud felhaszn\u00e1lni, a kutyus \u00e9s a gazda adatai a b\u00e9rleten szerepeltetve van. Teh\u00e1t ha egy gazdinak 2 kutyusa van \u00e9s szeretne \u00e9lni a b\u00e9rlet lehet\u0151s\u00e9g\u00e9vel mindk\u00e9t kutyusn\u00e1l, 2 b\u00e9rletet kell v\u00e1s\u00e1rolnia).<\/p>\n","protected":false},"excerpt":{"rendered":"<p>Az \u00e1rak 2025.&nbsp;febru\u00e1r&nbsp;1-t\u0151l \u00e9rv\u00e9nyesek. R\u00f6vid sz\u0151r\u0171 kuty\u00e1k (f\u00fcrdet\u00e9s + karom v\u00e1g\u00e1s + f\u00fcltiszt\u00edt\u00e1s) Csivava 6 500 Ft-t\u00f3l Francia bulldog 7 500 Ft-t\u00f3l Mopsz 7 500 Ft-t\u00f3l Magyar vizsla 9 000 Ft-t\u00f3l Boxer 9 000 Ft-t\u00f3l Hossz\u00fa \/ f\u00e9lhossz\u00fa sz\u0151r\u0171 kuty\u00e1k (az \u00e1rak teljes kozmetik\u00e1ra vonatkoznak) Teljes kozmetika g\u00e9pi (r\u00f6vid) ny\u00edr\u00e1ssal Teljes kozmetika f\u00e9s\u00fcl\u00f3s fajt\u00e1k, trimmel\u00e9s, &hellip; <\/p>\n<p class=\"link-more\"><a href=\"https:\/\/barokutyakozmetika.hu\/index.php\/araim\/\" class=\"more-link\">Continue reading<span class=\"screen-reader-text\"> &#8220;\u00c1raim&#8221;<\/span><\/a><\/p>\n","protected":false},"author":1,"featured_media":0,"parent":0,"menu_order":0,"comment_status":"closed","ping_status":"closed","template":"","meta":[],"_links":{"self":[{"href":"https:\/\/barokutyakozmetika.hu\/index.php\/wp-json\/wp\/v2\/pages\/56"}],"collection":[{"href":"https:\/\/barokutyakozmetika.hu\/index.php\/wp-json\/wp\/v2\/pages"}],"about":[{"href":"https:\/\/barokutyakozmetika.hu\/index.php\/wp-json\/wp\/v2\/types\/page"}],"author":[{"embeddable":true,"href":"https:\/\/barokutyakozmetika.hu\/index.php\/wp-json\/wp\/v2\/users\/1"}],"replies":[{"embeddable":true,"href":"https:\/\/barokutyakozmetika.hu\/index.php\/wp-json\/wp\/v2\/comments?post=56"}],"version-history":[{"count":29,"href":"https:\/\/barokutyakozmetika.hu\/index.php\/wp-json\/wp\/v2\/pages\/56\/revisions"}],"predecessor-version":[{"id":115,"href":"https:\/\/barokutyakozmetika.hu\/index.php\/wp-json\/wp\/v2\/pages\/56\/revisions\/115"}],"wp:attachment":[{"href":"https:\/\/barokutyakozmetika.hu\/index.php\/wp-json\/wp\/v2\/media?parent=56"}],"curies":[{"name":"wp","href":"https:\/\/api.w.org\/{rel}","templated":true}]}}